{"id":105,"date":"2026-02-24T16:28:39","date_gmt":"2026-02-24T13:28:39","guid":{"rendered":"https:\/\/cenabetgiris.com\/tr\/gizlilik-politikasi\/"},"modified":"2026-02-24T16:28:39","modified_gmt":"2026-02-24T13:28:39","slug":"gizlilik-politikasi","status":"publish","type":"page","link":"https:\/\/cenabetgiris.com\/tr\/gizlilik-politikasi\/","title":{"rendered":"Gizlilik Politikas\u0131"},"content":{"rendered":"<h2>Gizlilik Politikas\u0131<\/h2>\n<p><strong>Cenabetgiris.com<\/strong> giri\u015f rehberi kapsam\u0131nda ziyaret\u00e7i verilerinin korunmas\u0131 \u00f6nemlidir. Bu metin toplanan bilgileri \u00f6zetler.<\/p>\n<h3>Veri Toplama<\/h3>\n<p>Teknik loglar g\u00fcvenlik ve performans i\u00e7in tutulabilir.<\/p>\n<h3>\u00c7erezler<\/h3>\n<p>Tercih ve oturum i\u00e7in \u00e7erez kullan\u0131labilir.<\/p>\n<h3>Payla\u015f\u0131m<\/h3>\n<p>Veriler yasal zorunluluk d\u0131\u015f\u0131nda \u00fc\u00e7\u00fcnc\u00fc taraflara verilmez.<\/p>\n<p><em>2026.<\/em><\/p>\n","protected":false},"excerpt":{"rendered":"<p>Gizlilik Politikas\u0131 Cenabetgiris.com giri\u015f rehberi kapsam\u0131nda ziyaret\u00e7i verilerinin korunmas\u0131 \u00f6nemlidir. Bu metin toplanan bilgileri \u00f6zetler. Veri Toplama Teknik loglar g\u00fcvenlik ve performans i\u00e7in tutulabilir. \u00c7erezler <\/p>\n","protected":false},"author":0,"featured_media":0,"parent":0,"menu_order":0,"comment_status":"closed","ping_status":"closed","template":"","meta":{"footnotes":""},"class_list":["post-105","page","type-page","status-publish","hentry"],"yoast_head":"<!-- This site is optimized with the Yoast SEO plugin v27.0 - https:\/\/yoast.com\/product\/yoast-seo-wordpress\/ -->\n<title>Gizlilik Politikas\u0131<\/title>\n<meta name=\"robots\" content=\"index, follow, max-snippet:-1, max-image-preview:large, max-video-preview:-1\" \/>\n<link rel=\"canonical\" href=\"https:\/\/cenabetgiris.com\/tr\/gizlilik-politikasi\/\" \/>\n<meta property=\"og:locale\" content=\"tr_TR\" \/>\n<meta property=\"og:type\" content=\"article\" \/>\n<meta property=\"og:title\" content=\"Gizlilik Politikas\u0131\" \/>\n<meta property=\"og:description\" content=\"Gizlilik Politikas\u0131 Cenabetgiris.com giri\u015f rehberi kapsam\u0131nda ziyaret\u00e7i verilerinin korunmas\u0131 \u00f6nemlidir. Bu metin toplanan bilgileri \u00f6zetler. Veri Toplama Teknik loglar g\u00fcvenlik ve performans i\u00e7in tutulabilir. \u00c7erezler\" \/>\n<meta property=\"og:url\" content=\"https:\/\/cenabetgiris.com\/tr\/gizlilik-politikasi\/\" \/>\n<meta property=\"og:site_name\" content=\"Cenabet Giri\u015f\" \/>\n<meta property=\"og:image\" content=\"https:\/\/cenabetgiris.com\/tr\/wp-content\/uploads\/2024\/07\/favicon.png\" \/>\n\t<meta property=\"og:image:width\" content=\"512\" \/>\n\t<meta property=\"og:image:height\" content=\"512\" \/>\n\t<meta property=\"og:image:type\" content=\"image\/png\" \/>\n<meta name=\"twitter:card\" content=\"summary_large_image\" \/>\n<script type=\"application\/ld+json\" class=\"yoast-schema-graph\">{\"@context\":\"https:\/\/schema.org\",\"@graph\":[{\"@type\":\"WebPage\",\"@id\":\"https:\/\/cenabetgiris.com\/tr\/gizlilik-politikasi\/\",\"url\":\"https:\/\/cenabetgiris.com\/tr\/gizlilik-politikasi\/\",\"name\":\"Gizlilik Politikas\u0131\",\"isPartOf\":{\"@id\":\"https:\/\/cenabetgiris.com\/tr\/#website\"},\"datePublished\":\"2026-02-24T13:28:39+00:00\",\"breadcrumb\":{\"@id\":\"https:\/\/cenabetgiris.com\/tr\/gizlilik-politikasi\/#breadcrumb\"},\"inLanguage\":\"tr\",\"potentialAction\":[{\"@type\":\"ReadAction\",\"target\":[\"https:\/\/cenabetgiris.com\/tr\/gizlilik-politikasi\/\"]}]},{\"@type\":\"BreadcrumbList\",\"@id\":\"https:\/\/cenabetgiris.com\/tr\/gizlilik-politikasi\/#breadcrumb\",\"itemListElement\":[{\"@type\":\"ListItem\",\"position\":1,\"name\":\"Anasayfa\",\"item\":\"https:\/\/cenabetgiris.com\/tr\/\"},{\"@type\":\"ListItem\",\"position\":2,\"name\":\"Gizlilik Politikas\u0131\"}]},{\"@type\":\"WebSite\",\"@id\":\"https:\/\/cenabetgiris.com\/tr\/#website\",\"url\":\"https:\/\/cenabetgiris.com\/tr\/\",\"name\":\"Cenabet Giri\u015f\",\"description\":\"\",\"publisher\":{\"@id\":\"https:\/\/cenabetgiris.com\/tr\/#organization\"},\"alternateName\":\"Cenabet\",\"potentialAction\":[{\"@type\":\"SearchAction\",\"target\":{\"@type\":\"EntryPoint\",\"urlTemplate\":\"https:\/\/cenabetgiris.com\/tr\/?s={search_term_string}\"},\"query-input\":{\"@type\":\"PropertyValueSpecification\",\"valueRequired\":true,\"valueName\":\"search_term_string\"}}],\"inLanguage\":\"tr\"},{\"@type\":\"Organization\",\"@id\":\"https:\/\/cenabetgiris.com\/tr\/#organization\",\"name\":\"Cenabet Giri\u015f\",\"alternateName\":\"Cenabet\",\"url\":\"https:\/\/cenabetgiris.com\/tr\/\",\"logo\":{\"@type\":\"ImageObject\",\"inLanguage\":\"tr\",\"@id\":\"https:\/\/cenabetgiris.com\/tr\/#\/schema\/logo\/image\/\",\"url\":\"https:\/\/i0.wp.com\/cenabetgiris.com\/tr\/wp-content\/uploads\/2024\/07\/favicon.png?fit=512%2C512&ssl=1\",\"contentUrl\":\"https:\/\/i0.wp.com\/cenabetgiris.com\/tr\/wp-content\/uploads\/2024\/07\/favicon.png?fit=512%2C512&ssl=1\",\"width\":512,\"height\":512,\"caption\":\"Cenabet Giri\u015f\"},\"image\":{\"@id\":\"https:\/\/cenabetgiris.com\/tr\/#\/schema\/logo\/image\/\"}}]}<\/script>\n<!-- \/ Yoast SEO plugin. -->","yoast_head_json":{"title":"Gizlilik Politikas\u0131","robots":{"index":"index","follow":"follow","max-snippet":"max-snippet:-1","max-image-preview":"max-image-preview:large","max-video-preview":"max-video-preview:-1"},"canonical":"https:\/\/cenabetgiris.com\/tr\/gizlilik-politikasi\/","og_locale":"tr_TR","og_type":"article","og_title":"Gizlilik Politikas\u0131","og_description":"Gizlilik Politikas\u0131 Cenabetgiris.com giri\u015f rehberi kapsam\u0131nda ziyaret\u00e7i verilerinin korunmas\u0131 \u00f6nemlidir. Bu metin toplanan bilgileri \u00f6zetler. Veri Toplama Teknik loglar g\u00fcvenlik ve performans i\u00e7in tutulabilir. \u00c7erezler","og_url":"https:\/\/cenabetgiris.com\/tr\/gizlilik-politikasi\/","og_site_name":"Cenabet Giri\u015f","og_image":[{"width":512,"height":512,"url":"https:\/\/cenabetgiris.com\/tr\/wp-content\/uploads\/2024\/07\/favicon.png","type":"image\/png"}],"twitter_card":"summary_large_image","schema":{"@context":"https:\/\/schema.org","@graph":[{"@type":"WebPage","@id":"https:\/\/cenabetgiris.com\/tr\/gizlilik-politikasi\/","url":"https:\/\/cenabetgiris.com\/tr\/gizlilik-politikasi\/","name":"Gizlilik Politikas\u0131","isPartOf":{"@id":"https:\/\/cenabetgiris.com\/tr\/#website"},"datePublished":"2026-02-24T13:28:39+00:00","breadcrumb":{"@id":"https:\/\/cenabetgiris.com\/tr\/gizlilik-politikasi\/#breadcrumb"},"inLanguage":"tr","potentialAction":[{"@type":"ReadAction","target":["https:\/\/cenabetgiris.com\/tr\/gizlilik-politikasi\/"]}]},{"@type":"BreadcrumbList","@id":"https:\/\/cenabetgiris.com\/tr\/gizlilik-politikasi\/#breadcrumb","itemListElement":[{"@type":"ListItem","position":1,"name":"Anasayfa","item":"https:\/\/cenabetgiris.com\/tr\/"},{"@type":"ListItem","position":2,"name":"Gizlilik Politikas\u0131"}]},{"@type":"WebSite","@id":"https:\/\/cenabetgiris.com\/tr\/#website","url":"https:\/\/cenabetgiris.com\/tr\/","name":"Cenabet Giri\u015f","description":"","publisher":{"@id":"https:\/\/cenabetgiris.com\/tr\/#organization"},"alternateName":"Cenabet","potentialAction":[{"@type":"SearchAction","target":{"@type":"EntryPoint","urlTemplate":"https:\/\/cenabetgiris.com\/tr\/?s={search_term_string}"},"query-input":{"@type":"PropertyValueSpecification","valueRequired":true,"valueName":"search_term_string"}}],"inLanguage":"tr"},{"@type":"Organization","@id":"https:\/\/cenabetgiris.com\/tr\/#organization","name":"Cenabet Giri\u015f","alternateName":"Cenabet","url":"https:\/\/cenabetgiris.com\/tr\/","logo":{"@type":"ImageObject","inLanguage":"tr","@id":"https:\/\/cenabetgiris.com\/tr\/#\/schema\/logo\/image\/","url":"https:\/\/i0.wp.com\/cenabetgiris.com\/tr\/wp-content\/uploads\/2024\/07\/favicon.png?fit=512%2C512&ssl=1","contentUrl":"https:\/\/i0.wp.com\/cenabetgiris.com\/tr\/wp-content\/uploads\/2024\/07\/favicon.png?fit=512%2C512&ssl=1","width":512,"height":512,"caption":"Cenabet Giri\u015f"},"image":{"@id":"https:\/\/cenabetgiris.com\/tr\/#\/schema\/logo\/image\/"}}]}},"_links":{"self":[{"href":"https:\/\/cenabetgiris.com\/tr\/wp-json\/wp\/v2\/pages\/105","targetHints":{"allow":["GET"]}}],"collection":[{"href":"https:\/\/cenabetgiris.com\/tr\/wp-json\/wp\/v2\/pages"}],"about":[{"href":"https:\/\/cenabetgiris.com\/tr\/wp-json\/wp\/v2\/types\/page"}],"replies":[{"embeddable":true,"href":"https:\/\/cenabetgiris.com\/tr\/wp-json\/wp\/v2\/comments?post=105"}],"version-history":[{"count":0,"href":"https:\/\/cenabetgiris.com\/tr\/wp-json\/wp\/v2\/pages\/105\/revisions"}],"wp:attachment":[{"href":"https:\/\/cenabetgiris.com\/tr\/wp-json\/wp\/v2\/media?parent=105"}],"curies":[{"name":"wp","href":"https:\/\/api.w.org\/{rel}","templated":true}]}}